{"id":5304,"date":"2026-02-12T09:34:31","date_gmt":"2026-02-12T08:34:31","guid":{"rendered":"https:\/\/asotep.com\/vie-privee-et-cookies\/"},"modified":"2026-05-11T09:55:10","modified_gmt":"2026-05-11T07:55:10","slug":"vie-privee-et-cookies","status":"publish","type":"page","link":"https:\/\/asotep.com\/fr\/vie-privee-et-cookies\/","title":{"rendered":"Vie priv\u00e9e et cookies"},"content":{"rendered":"\t\t<div data-elementor-type=\"wp-page\" data-elementor-id=\"5304\" class=\"elementor elementor-5304 elementor-3\">\n\t\t\t\t<div class=\"e-con-with-custom-width elementor-element elementor-element-6c3e1bd e-flex e-con-boxed sc_layouts_column_icons_position_left e-con e-parent\" data-id=\"6c3e1bd\" data-element_type=\"container\" data-e-type=\"container\">\n\t\t\t\t\t<div class=\"e-con-inner\">\n\t\t\t\t<div class=\"elementor-element elementor-element-178b495 sc_fly_static elementor-widget elementor-widget-text-editor\" data-id=\"178b495\" data-element_type=\"widget\" data-e-type=\"widget\" data-widget_type=\"text-editor.default\">\n\t\t\t\t<div class=\"elementor-widget-container\">\n\t\t\t\t\t\t\t\t\t<h2>Politique en mati\u00e8re de protection de la vie priv\u00e9e et de cookies<\/h2><p><strong>Derni\u00e8re mise \u00e0 jour : 24 avril 2026<\/strong><\/p><p>Chez <strong>Asotep NV<\/strong>, nous accordons de l&#8217;importance \u00e0 votre vie priv\u00e9e et au traitement soigneux des donn\u00e9es personnelles. Dans cette politique de confidentialit\u00e9 et de cookies, nous expliquons quelles donn\u00e9es nous collectons, pourquoi nous le faisons et comment nous les traitons. <\/p><p>En utilisant ce site web, vous acceptez cette politique.<\/p>\t\t\t\t\t\t\t\t<\/div>\n\t\t\t\t<\/div>\n\t\t\t\t<div class=\"elementor-element elementor-element-8e91304 elementor-widget-divider--view-line sc_fly_static elementor-widget elementor-widget-divider\" data-id=\"8e91304\" data-element_type=\"widget\" data-e-type=\"widget\" data-widget_type=\"divider.default\">\n\t\t\t\t<div class=\"elementor-widget-container\">\n\t\t\t\t\t\t\t<div class=\"elementor-divider\">\n\t\t\t<span class=\"elementor-divider-separator\">\n\t\t\t\t\t\t<\/span>\n\t\t<\/div>\n\t\t\t\t\t\t<\/div>\n\t\t\t\t<\/div>\n\t\t\t\t<div class=\"elementor-element elementor-element-5b1ee19 sc_fly_static elementor-widget elementor-widget-text-editor\" data-id=\"5b1ee19\" data-element_type=\"widget\" data-e-type=\"widget\" data-widget_type=\"text-editor.default\">\n\t\t\t\t<div class=\"elementor-widget-container\">\n\t\t\t\t\t\t\t\t\t<h4>1. Qui sommes-nous ?<\/h4><p>Asotep NV<br>Woudstraat 3A<br>3600 Genk &#8211; Belgique<br>E-mail : info@asotep.com<br>T\u00e9l\u00e9phone : +32 ( 0 ) 89 84 83 60<\/p><p>Asotep NV est le responsable du traitement des donn\u00e9es \u00e0 caract\u00e8re personnel tel que d\u00e9crit dans la pr\u00e9sente politique.<\/p>\t\t\t\t\t\t\t\t<\/div>\n\t\t\t\t<\/div>\n\t\t\t\t<div class=\"elementor-element elementor-element-761fb94 elementor-widget-divider--view-line sc_fly_static elementor-widget elementor-widget-divider\" data-id=\"761fb94\" data-element_type=\"widget\" data-e-type=\"widget\" data-widget_type=\"divider.default\">\n\t\t\t\t<div class=\"elementor-widget-container\">\n\t\t\t\t\t\t\t<div class=\"elementor-divider\">\n\t\t\t<span class=\"elementor-divider-separator\">\n\t\t\t\t\t\t<\/span>\n\t\t<\/div>\n\t\t\t\t\t\t<\/div>\n\t\t\t\t<\/div>\n\t\t\t\t<div class=\"elementor-element elementor-element-b6f13ff sc_fly_static elementor-widget elementor-widget-text-editor\" data-id=\"b6f13ff\" data-element_type=\"widget\" data-e-type=\"widget\" data-widget_type=\"text-editor.default\">\n\t\t\t\t<div class=\"elementor-widget-container\">\n\t\t\t\t\t\t\t\t\t<h4>2. Quelles sont les donn\u00e9es personnelles que nous collectons ?<\/h4><p>Nous pouvons collecter des donn\u00e9es \u00e0 caract\u00e8re personnel lorsque vous :<\/p><ul><li>remplissez notre formulaire de contact<\/li><li>envoyez-nous un e-mail ou contactez-nous par t\u00e9l\u00e9phone<\/li><li>postulez via le site web<\/li><li>visitez notre site web<\/li><li>vous abonner \u00e0 des nouvelles ou \u00e0 des mises \u00e0 jour (le cas \u00e9ch\u00e9ant)<\/li><\/ul><p>Il peut s&#8217;agir de<\/p><ul><li>Nom<\/li><li>Nom de l&#8217;entreprise<\/li><li>Adresse \u00e9lectronique<\/li><li>Num\u00e9ro de t\u00e9l\u00e9phone<\/li><li>Adresse (le cas \u00e9ch\u00e9ant)<\/li><li>Adresse IP<\/li><li>Donn\u00e9es relatives au navigateur et \u00e0 l&#8217;utilisation<\/li><li>Informations que vous fournissez volontairement<\/li><\/ul>\t\t\t\t\t\t\t\t<\/div>\n\t\t\t\t<\/div>\n\t\t\t\t<div class=\"elementor-element elementor-element-a7fe4b3 elementor-widget-divider--view-line sc_fly_static elementor-widget elementor-widget-divider\" data-id=\"a7fe4b3\" data-element_type=\"widget\" data-e-type=\"widget\" data-widget_type=\"divider.default\">\n\t\t\t\t<div class=\"elementor-widget-container\">\n\t\t\t\t\t\t\t<div class=\"elementor-divider\">\n\t\t\t<span class=\"elementor-divider-separator\">\n\t\t\t\t\t\t<\/span>\n\t\t<\/div>\n\t\t\t\t\t\t<\/div>\n\t\t\t\t<\/div>\n\t\t\t\t<div class=\"elementor-element elementor-element-d6dca78 sc_fly_static elementor-widget elementor-widget-text-editor\" data-id=\"d6dca78\" data-element_type=\"widget\" data-e-type=\"widget\" data-widget_type=\"text-editor.default\">\n\t\t\t\t<div class=\"elementor-widget-container\">\n\t\t\t\t\t\t\t\t\t<h4>3. Pourquoi traitons-nous ces donn\u00e9es ?<\/h4><p>Nous utilisons vos donn\u00e9es pour :<\/p><ul><li>R\u00e9pondre aux demandes de contact<\/li><li>Devis et suivi du projet<\/li><li>Communication avec les clients<\/li><li>Traitement des demandes d&#8217;emploi<\/li><li>Am\u00e9liorer nos services<\/li><li>Analyse et optimisation du site web<\/li><li>Obligations l\u00e9gales<\/li><\/ul><p>Nous ne traitons les donn\u00e9es \u00e0 caract\u00e8re personnel que lorsqu&#8217;il existe une base juridique pour le faire, telle que l&#8217;ex\u00e9cution d&#8217;un contrat, un int\u00e9r\u00eat l\u00e9gitime, une obligation l\u00e9gale ou votre consentement.<\/p>\t\t\t\t\t\t\t\t<\/div>\n\t\t\t\t<\/div>\n\t\t\t\t<div class=\"elementor-element elementor-element-3075468 elementor-widget-divider--view-line sc_fly_static elementor-widget elementor-widget-divider\" data-id=\"3075468\" data-element_type=\"widget\" data-e-type=\"widget\" data-widget_type=\"divider.default\">\n\t\t\t\t<div class=\"elementor-widget-container\">\n\t\t\t\t\t\t\t<div class=\"elementor-divider\">\n\t\t\t<span class=\"elementor-divider-separator\">\n\t\t\t\t\t\t<\/span>\n\t\t<\/div>\n\t\t\t\t\t\t<\/div>\n\t\t\t\t<\/div>\n\t\t\t\t<div class=\"elementor-element elementor-element-a445268 sc_fly_static elementor-widget elementor-widget-text-editor\" data-id=\"a445268\" data-element_type=\"widget\" data-e-type=\"widget\" data-widget_type=\"text-editor.default\">\n\t\t\t\t<div class=\"elementor-widget-container\">\n\t\t\t\t\t\t\t\t\t<h4>4. D\u00e9lais de conservation<\/h4><p>Vos donn\u00e9es ne seront pas conserv\u00e9es plus longtemps que n\u00e9cessaire aux fins pour lesquelles elles ont \u00e9t\u00e9 collect\u00e9es, \u00e0 moins qu&#8217;une p\u00e9riode de conservation l\u00e9gale n&#8217;en dispose autrement.<\/p>\t\t\t\t\t\t\t\t<\/div>\n\t\t\t\t<\/div>\n\t\t\t\t<div class=\"elementor-element elementor-element-0a61253 elementor-widget-divider--view-line sc_fly_static elementor-widget elementor-widget-divider\" data-id=\"0a61253\" data-element_type=\"widget\" data-e-type=\"widget\" data-widget_type=\"divider.default\">\n\t\t\t\t<div class=\"elementor-widget-container\">\n\t\t\t\t\t\t\t<div class=\"elementor-divider\">\n\t\t\t<span class=\"elementor-divider-separator\">\n\t\t\t\t\t\t<\/span>\n\t\t<\/div>\n\t\t\t\t\t\t<\/div>\n\t\t\t\t<\/div>\n\t\t\t\t<div class=\"elementor-element elementor-element-7d4d61a sc_fly_static elementor-widget elementor-widget-text-editor\" data-id=\"7d4d61a\" data-element_type=\"widget\" data-e-type=\"widget\" data-widget_type=\"text-editor.default\">\n\t\t\t\t<div class=\"elementor-widget-container\">\n\t\t\t\t\t\t\t\t\t<h4>5. Partage des donn\u00e9es \u00e0 caract\u00e8re personnel<\/h4><p>Asotep ne vend jamais vos donn\u00e9es personnelles \u00e0 des tiers.<\/p><p>Les donn\u00e9es peuvent \u00eatre partag\u00e9es avec des partenaires de confiance ou des prestataires de services uniquement lorsque cela est n\u00e9cessaire :<\/p><ul><li>H\u00e9bergement de sites web<\/li><li>Assistance informatique<\/li><li>Outils d&#8217;analyse et de marketing<\/li><li>Obligations l\u00e9gales<\/li><\/ul><p>Ces parties traitent les donn\u00e9es uniquement pour le compte d&#8217;Asotep et selon des mesures de s\u00e9curit\u00e9 appropri\u00e9es.<\/p>\t\t\t\t\t\t\t\t<\/div>\n\t\t\t\t<\/div>\n\t\t\t\t<div class=\"elementor-element elementor-element-85be2de elementor-widget-divider--view-line sc_fly_static elementor-widget elementor-widget-divider\" data-id=\"85be2de\" data-element_type=\"widget\" data-e-type=\"widget\" data-widget_type=\"divider.default\">\n\t\t\t\t<div class=\"elementor-widget-container\">\n\t\t\t\t\t\t\t<div class=\"elementor-divider\">\n\t\t\t<span class=\"elementor-divider-separator\">\n\t\t\t\t\t\t<\/span>\n\t\t<\/div>\n\t\t\t\t\t\t<\/div>\n\t\t\t\t<\/div>\n\t\t\t\t<div class=\"elementor-element elementor-element-b799549 sc_fly_static elementor-widget elementor-widget-text-editor\" data-id=\"b799549\" data-element_type=\"widget\" data-e-type=\"widget\" data-widget_type=\"text-editor.default\">\n\t\t\t\t<div class=\"elementor-widget-container\">\n\t\t\t\t\t\t\t\t\t<h4>6. S\u00e9curit\u00e9 des donn\u00e9es<\/h4><p>Nous prenons des mesures techniques et organisationnelles appropri\u00e9es pour prot\u00e9ger les donn\u00e9es \u00e0 caract\u00e8re personnel contre la perte, l&#8217;utilisation abusive ou l&#8217;acc\u00e8s non autoris\u00e9.<\/p>\t\t\t\t\t\t\t\t<\/div>\n\t\t\t\t<\/div>\n\t\t\t\t<div class=\"elementor-element elementor-element-d42cadc elementor-widget-divider--view-line sc_fly_static elementor-widget elementor-widget-divider\" data-id=\"d42cadc\" data-element_type=\"widget\" data-e-type=\"widget\" data-widget_type=\"divider.default\">\n\t\t\t\t<div class=\"elementor-widget-container\">\n\t\t\t\t\t\t\t<div class=\"elementor-divider\">\n\t\t\t<span class=\"elementor-divider-separator\">\n\t\t\t\t\t\t<\/span>\n\t\t<\/div>\n\t\t\t\t\t\t<\/div>\n\t\t\t\t<\/div>\n\t\t\t\t<div class=\"elementor-element elementor-element-c2545b4 sc_fly_static elementor-widget elementor-widget-text-editor\" data-id=\"c2545b4\" data-element_type=\"widget\" data-e-type=\"widget\" data-widget_type=\"text-editor.default\">\n\t\t\t\t<div class=\"elementor-widget-container\">\n\t\t\t\t\t\t\t\t\t<h4>7. Vos droits<\/h4><p>Vous avez le droit de :<\/p><ul><li>consultez vos donn\u00e9es<\/li><li>faire corriger les donn\u00e9es<\/li><li>faire supprimer des donn\u00e9es<\/li><li>traitement des limites<\/li><li>s&#8217;opposer au traitement<\/li><li>retirer votre consentement<\/li><li>d\u00e9poser une plainte aupr\u00e8s de l&#8217;autorit\u00e9 de protection des donn\u00e9es<\/li><\/ul><p>Contactez-nous \u00e0 ce sujet \u00e0 l&#8217;adresse info@asotep.com.<\/p>\t\t\t\t\t\t\t\t<\/div>\n\t\t\t\t<\/div>\n\t\t\t\t<div class=\"elementor-element elementor-element-3f99485 elementor-widget-divider--view-line sc_fly_static elementor-widget elementor-widget-divider\" data-id=\"3f99485\" data-element_type=\"widget\" data-e-type=\"widget\" data-widget_type=\"divider.default\">\n\t\t\t\t<div class=\"elementor-widget-container\">\n\t\t\t\t\t\t\t<div class=\"elementor-divider\">\n\t\t\t<span class=\"elementor-divider-separator\">\n\t\t\t\t\t\t<\/span>\n\t\t<\/div>\n\t\t\t\t\t\t<\/div>\n\t\t\t\t<\/div>\n\t\t\t\t<div class=\"elementor-element elementor-element-b94cdc8 sc_fly_static elementor-widget elementor-widget-text-editor\" data-id=\"b94cdc8\" data-element_type=\"widget\" data-e-type=\"widget\" data-widget_type=\"text-editor.default\">\n\t\t\t\t<div class=\"elementor-widget-container\">\n\t\t\t\t\t\t\t\t\t<h2>Politique en mati\u00e8re de cookies<\/h2><h4>8. Qu&#8217;est-ce qu&#8217;un biscuit ?<\/h4><p>Les cookies sont de petits fichiers texte qui sont stock\u00e9s sur votre appareil lorsque vous visitez notre site web. Ils aident le site web \u00e0 fonctionner correctement et peuvent am\u00e9liorer l&#8217;exp\u00e9rience de l&#8217;utilisateur. <\/p>\t\t\t\t\t\t\t\t<\/div>\n\t\t\t\t<\/div>\n\t\t\t\t<div class=\"elementor-element elementor-element-1e306f3 elementor-widget-divider--view-line sc_fly_static elementor-widget elementor-widget-divider\" data-id=\"1e306f3\" data-element_type=\"widget\" data-e-type=\"widget\" data-widget_type=\"divider.default\">\n\t\t\t\t<div class=\"elementor-widget-container\">\n\t\t\t\t\t\t\t<div class=\"elementor-divider\">\n\t\t\t<span class=\"elementor-divider-separator\">\n\t\t\t\t\t\t<\/span>\n\t\t<\/div>\n\t\t\t\t\t\t<\/div>\n\t\t\t\t<\/div>\n\t\t\t\t<div class=\"elementor-element elementor-element-9d8b647 sc_fly_static elementor-widget elementor-widget-text-editor\" data-id=\"9d8b647\" data-element_type=\"widget\" data-e-type=\"widget\" data-widget_type=\"text-editor.default\">\n\t\t\t\t<div class=\"elementor-widget-container\">\n\t\t\t\t\t\t\t\t\t<h4>9. Quels sont les cookies que nous utilisons ?<\/h4><h6>Cookies fonctionnels<\/h6><p>N\u00e9cessaire au fonctionnement du site web.<\/p><p>Par exemple :<\/p><ul><li>les pr\u00e9f\u00e9rences linguistiques<\/li><li>fonctionnalit\u00e9 du formulaire<\/li><li>s\u00e9curit\u00e9<\/li><\/ul><h6>Cookies analytiques<\/h6><p>Nous aider \u00e0 comprendre l&#8217;utilisation et les performances du site web.<\/p><p>Par exemple, via :<\/p><ul><li>Google Analytics (si actif)<\/li><\/ul><p>Ces donn\u00e9es sont trait\u00e9es de mani\u00e8re anonyme dans la mesure du possible.<\/p><h6>Cookies marketing (le cas \u00e9ch\u00e9ant)<\/h6><p>Peut \u00eatre utilis\u00e9 pour des publicit\u00e9s ou du remarketing.<\/p><p>Par exemple :<\/p><ul><li>Annonces Google<\/li><li>Pixel Facebook<\/li><\/ul><p>Ces cookies ne sont install\u00e9s qu&#8217;apr\u00e8s consentement.<\/p>\t\t\t\t\t\t\t\t<\/div>\n\t\t\t\t<\/div>\n\t\t\t\t<div class=\"elementor-element elementor-element-2a5ff55 elementor-widget-divider--view-line sc_fly_static elementor-widget elementor-widget-divider\" data-id=\"2a5ff55\" data-element_type=\"widget\" data-e-type=\"widget\" data-widget_type=\"divider.default\">\n\t\t\t\t<div class=\"elementor-widget-container\">\n\t\t\t\t\t\t\t<div class=\"elementor-divider\">\n\t\t\t<span class=\"elementor-divider-separator\">\n\t\t\t\t\t\t<\/span>\n\t\t<\/div>\n\t\t\t\t\t\t<\/div>\n\t\t\t\t<\/div>\n\t\t\t\t<div class=\"elementor-element elementor-element-97e7fe4 sc_fly_static elementor-widget elementor-widget-text-editor\" data-id=\"97e7fe4\" data-element_type=\"widget\" data-e-type=\"widget\" data-widget_type=\"text-editor.default\">\n\t\t\t\t<div class=\"elementor-widget-container\">\n\t\t\t\t\t\t\t\t\t<h4>10. Gestion des cookies<\/h4><p>Lors de votre premi\u00e8re visite, vous pouvez d\u00e9finir vos pr\u00e9f\u00e9rences en mati\u00e8re de cookies via notre banni\u00e8re de cookies.<\/p><p>Vous pouvez \u00e9galement supprimer ou bloquer les cookies via votre navigateur.<\/p>\t\t\t\t\t\t\t\t<\/div>\n\t\t\t\t<\/div>\n\t\t\t\t<div class=\"elementor-element elementor-element-56cf9bd elementor-widget-divider--view-line sc_fly_static elementor-widget elementor-widget-divider\" data-id=\"56cf9bd\" data-element_type=\"widget\" data-e-type=\"widget\" data-widget_type=\"divider.default\">\n\t\t\t\t<div class=\"elementor-widget-container\">\n\t\t\t\t\t\t\t<div class=\"elementor-divider\">\n\t\t\t<span class=\"elementor-divider-separator\">\n\t\t\t\t\t\t<\/span>\n\t\t<\/div>\n\t\t\t\t\t\t<\/div>\n\t\t\t\t<\/div>\n\t\t\t\t<div class=\"elementor-element elementor-element-4dd9091 sc_fly_static elementor-widget elementor-widget-text-editor\" data-id=\"4dd9091\" data-element_type=\"widget\" data-e-type=\"widget\" data-widget_type=\"text-editor.default\">\n\t\t\t\t<div class=\"elementor-widget-container\">\n\t\t\t\t\t\t\t\t\t<h4>11. Modifications de la pr\u00e9sente politique<\/h4><p>Asotep se r\u00e9serve le droit de modifier cette politique en mati\u00e8re de confidentialit\u00e9 et de cookies. La version la plus r\u00e9cente est toujours disponible sur ce site web. <\/p>\t\t\t\t\t\t\t\t<\/div>\n\t\t\t\t<\/div>\n\t\t\t\t<div class=\"elementor-element elementor-element-b82ab84 elementor-widget-divider--view-line sc_fly_static elementor-widget elementor-widget-divider\" data-id=\"b82ab84\" data-element_type=\"widget\" data-e-type=\"widget\" data-widget_type=\"divider.default\">\n\t\t\t\t<div class=\"elementor-widget-container\">\n\t\t\t\t\t\t\t<div class=\"elementor-divider\">\n\t\t\t<span class=\"elementor-divider-separator\">\n\t\t\t\t\t\t<\/span>\n\t\t<\/div>\n\t\t\t\t\t\t<\/div>\n\t\t\t\t<\/div>\n\t\t\t\t\t<\/div>\n\t\t\t\t<\/div>\n\t\t\t\t<\/div>\n\t\t","protected":false},"excerpt":{"rendered":"<p>Politique en mati\u00e8re de protection de la vie priv\u00e9e et&hellip;<\/p>\n","protected":false},"author":1,"featured_media":0,"parent":0,"menu_order":0,"comment_status":"closed","ping_status":"closed","template":"","meta":{"footnotes":""},"class_list":["post-5304","page","type-page","status-publish","hentry"],"yoast_head":"<!-- This site is optimized with the Yoast SEO plugin v27.6 - https:\/\/yoast.com\/product\/yoast-seo-wordpress\/ -->\n<title>Politique en mati\u00e8re de confidentialit\u00e9 et de cookies - Asotep.<\/title>\n<meta name=\"description\" content=\"D\u00e9couvrez comment Asotep traite les donn\u00e9es personnelles, la vie priv\u00e9e et les cookies et quels sont les droits dont vous disposez en tant que visiteur de notre site web.\" \/>\n<meta name=\"robots\" content=\"index, follow, max-snippet:-1, max-image-preview:large, max-video-preview:-1\" \/>\n<link rel=\"canonical\" href=\"https:\/\/asotep.com\/fr\/vie-privee-et-cookies\/\" \/>\n<meta property=\"og:locale\" content=\"fr_FR\" \/>\n<meta property=\"og:type\" content=\"article\" \/>\n<meta property=\"og:title\" content=\"Politique en mati\u00e8re de confidentialit\u00e9 et de cookies - Asotep.\" \/>\n<meta property=\"og:description\" content=\"D\u00e9couvrez comment Asotep traite les donn\u00e9es personnelles, la vie priv\u00e9e et les cookies et quels sont les droits dont vous disposez en tant que visiteur de notre site web.\" \/>\n<meta property=\"og:url\" content=\"https:\/\/asotep.com\/fr\/vie-privee-et-cookies\/\" \/>\n<meta property=\"og:site_name\" content=\"Asotep\" \/>\n<meta property=\"article:modified_time\" content=\"2026-05-11T07:55:10+00:00\" \/>\n<meta name=\"twitter:card\" content=\"summary_large_image\" \/>\n<meta name=\"twitter:label1\" content=\"Est. reading time\" \/>\n\t<meta name=\"twitter:data1\" content=\"3 minutes\" \/>\n<script type=\"application\/ld+json\" class=\"yoast-schema-graph\">{\"@context\":\"https:\\\/\\\/schema.org\",\"@graph\":[{\"@type\":\"WebPage\",\"@id\":\"https:\\\/\\\/asotep.com\\\/fr\\\/vie-privee-et-cookies\\\/\",\"url\":\"https:\\\/\\\/asotep.com\\\/fr\\\/vie-privee-et-cookies\\\/\",\"name\":\"Politique en mati\u00e8re de confidentialit\u00e9 et de cookies - Asotep.\",\"isPartOf\":{\"@id\":\"https:\\\/\\\/asotep.com\\\/fr\\\/#website\"},\"datePublished\":\"2026-02-12T08:34:31+00:00\",\"dateModified\":\"2026-05-11T07:55:10+00:00\",\"description\":\"D\u00e9couvrez comment Asotep traite les donn\u00e9es personnelles, la vie priv\u00e9e et les cookies et quels sont les droits dont vous disposez en tant que visiteur de notre site web.\",\"breadcrumb\":{\"@id\":\"https:\\\/\\\/asotep.com\\\/fr\\\/vie-privee-et-cookies\\\/#breadcrumb\"},\"inLanguage\":\"fr-FR\",\"potentialAction\":[{\"@type\":\"ReadAction\",\"target\":[\"https:\\\/\\\/asotep.com\\\/fr\\\/vie-privee-et-cookies\\\/\"]}]},{\"@type\":\"BreadcrumbList\",\"@id\":\"https:\\\/\\\/asotep.com\\\/fr\\\/vie-privee-et-cookies\\\/#breadcrumb\",\"itemListElement\":[{\"@type\":\"ListItem\",\"position\":1,\"name\":\"Home\",\"item\":\"https:\\\/\\\/asotep.com\\\/fr\\\/accueil\\\/\"},{\"@type\":\"ListItem\",\"position\":2,\"name\":\"Vie priv\u00e9e et cookies\"}]},{\"@type\":\"WebSite\",\"@id\":\"https:\\\/\\\/asotep.com\\\/fr\\\/#website\",\"url\":\"https:\\\/\\\/asotep.com\\\/fr\\\/\",\"name\":\"Asotep\",\"description\":\"Industri\u00eble pijpleidingen, metaalconstructies &amp; engineering\",\"publisher\":{\"@id\":\"https:\\\/\\\/asotep.com\\\/fr\\\/#organization\"},\"potentialAction\":[{\"@type\":\"SearchAction\",\"target\":{\"@type\":\"EntryPoint\",\"urlTemplate\":\"https:\\\/\\\/asotep.com\\\/fr\\\/?s={search_term_string}\"},\"query-input\":{\"@type\":\"PropertyValueSpecification\",\"valueRequired\":true,\"valueName\":\"search_term_string\"}}],\"inLanguage\":\"fr-FR\"},{\"@type\":\"Organization\",\"@id\":\"https:\\\/\\\/asotep.com\\\/fr\\\/#organization\",\"name\":\"Asotep - Industri\u00eble pijpleidingen en constructies\",\"url\":\"https:\\\/\\\/asotep.com\\\/fr\\\/\",\"logo\":{\"@type\":\"ImageObject\",\"inLanguage\":\"fr-FR\",\"@id\":\"https:\\\/\\\/asotep.com\\\/fr\\\/#\\\/schema\\\/logo\\\/image\\\/\",\"url\":\"https:\\\/\\\/asotep.com\\\/v3\\\/wp-content\\\/uploads\\\/2026\\\/02\\\/logo-asotep-kleur-retina.png\",\"contentUrl\":\"https:\\\/\\\/asotep.com\\\/v3\\\/wp-content\\\/uploads\\\/2026\\\/02\\\/logo-asotep-kleur-retina.png\",\"width\":500,\"height\":157,\"caption\":\"Asotep - Industri\u00eble pijpleidingen en constructies\"},\"image\":{\"@id\":\"https:\\\/\\\/asotep.com\\\/fr\\\/#\\\/schema\\\/logo\\\/image\\\/\"},\"sameAs\":[\"https:\\\/\\\/www.linkedin.com\\\/company\\\/asotep\\\/\"]}]}<\/script>\n<!-- \/ Yoast SEO plugin. -->","yoast_head_json":{"title":"Politique en mati\u00e8re de confidentialit\u00e9 et de cookies - Asotep.","description":"D\u00e9couvrez comment Asotep traite les donn\u00e9es personnelles, la vie priv\u00e9e et les cookies et quels sont les droits dont vous disposez en tant que visiteur de notre site web.","robots":{"index":"index","follow":"follow","max-snippet":"max-snippet:-1","max-image-preview":"max-image-preview:large","max-video-preview":"max-video-preview:-1"},"canonical":"https:\/\/asotep.com\/fr\/vie-privee-et-cookies\/","og_locale":"fr_FR","og_type":"article","og_title":"Politique en mati\u00e8re de confidentialit\u00e9 et de cookies - Asotep.","og_description":"D\u00e9couvrez comment Asotep traite les donn\u00e9es personnelles, la vie priv\u00e9e et les cookies et quels sont les droits dont vous disposez en tant que visiteur de notre site web.","og_url":"https:\/\/asotep.com\/fr\/vie-privee-et-cookies\/","og_site_name":"Asotep","article_modified_time":"2026-05-11T07:55:10+00:00","twitter_card":"summary_large_image","twitter_misc":{"Est. reading time":"3 minutes"},"schema":{"@context":"https:\/\/schema.org","@graph":[{"@type":"WebPage","@id":"https:\/\/asotep.com\/fr\/vie-privee-et-cookies\/","url":"https:\/\/asotep.com\/fr\/vie-privee-et-cookies\/","name":"Politique en mati\u00e8re de confidentialit\u00e9 et de cookies - Asotep.","isPartOf":{"@id":"https:\/\/asotep.com\/fr\/#website"},"datePublished":"2026-02-12T08:34:31+00:00","dateModified":"2026-05-11T07:55:10+00:00","description":"D\u00e9couvrez comment Asotep traite les donn\u00e9es personnelles, la vie priv\u00e9e et les cookies et quels sont les droits dont vous disposez en tant que visiteur de notre site web.","breadcrumb":{"@id":"https:\/\/asotep.com\/fr\/vie-privee-et-cookies\/#breadcrumb"},"inLanguage":"fr-FR","potentialAction":[{"@type":"ReadAction","target":["https:\/\/asotep.com\/fr\/vie-privee-et-cookies\/"]}]},{"@type":"BreadcrumbList","@id":"https:\/\/asotep.com\/fr\/vie-privee-et-cookies\/#breadcrumb","itemListElement":[{"@type":"ListItem","position":1,"name":"Home","item":"https:\/\/asotep.com\/fr\/accueil\/"},{"@type":"ListItem","position":2,"name":"Vie priv\u00e9e et cookies"}]},{"@type":"WebSite","@id":"https:\/\/asotep.com\/fr\/#website","url":"https:\/\/asotep.com\/fr\/","name":"Asotep","description":"Industri\u00eble pijpleidingen, metaalconstructies &amp; engineering","publisher":{"@id":"https:\/\/asotep.com\/fr\/#organization"},"potentialAction":[{"@type":"SearchAction","target":{"@type":"EntryPoint","urlTemplate":"https:\/\/asotep.com\/fr\/?s={search_term_string}"},"query-input":{"@type":"PropertyValueSpecification","valueRequired":true,"valueName":"search_term_string"}}],"inLanguage":"fr-FR"},{"@type":"Organization","@id":"https:\/\/asotep.com\/fr\/#organization","name":"Asotep - Industri\u00eble pijpleidingen en constructies","url":"https:\/\/asotep.com\/fr\/","logo":{"@type":"ImageObject","inLanguage":"fr-FR","@id":"https:\/\/asotep.com\/fr\/#\/schema\/logo\/image\/","url":"https:\/\/asotep.com\/v3\/wp-content\/uploads\/2026\/02\/logo-asotep-kleur-retina.png","contentUrl":"https:\/\/asotep.com\/v3\/wp-content\/uploads\/2026\/02\/logo-asotep-kleur-retina.png","width":500,"height":157,"caption":"Asotep - Industri\u00eble pijpleidingen en constructies"},"image":{"@id":"https:\/\/asotep.com\/fr\/#\/schema\/logo\/image\/"},"sameAs":["https:\/\/www.linkedin.com\/company\/asotep\/"]}]}},"_links":{"self":[{"href":"https:\/\/asotep.com\/fr\/wp-json\/wp\/v2\/pages\/5304","targetHints":{"allow":["GET"]}}],"collection":[{"href":"https:\/\/asotep.com\/fr\/wp-json\/wp\/v2\/pages"}],"about":[{"href":"https:\/\/asotep.com\/fr\/wp-json\/wp\/v2\/types\/page"}],"author":[{"embeddable":true,"href":"https:\/\/asotep.com\/fr\/wp-json\/wp\/v2\/users\/1"}],"replies":[{"embeddable":true,"href":"https:\/\/asotep.com\/fr\/wp-json\/wp\/v2\/comments?post=5304"}],"version-history":[{"count":2,"href":"https:\/\/asotep.com\/fr\/wp-json\/wp\/v2\/pages\/5304\/revisions"}],"predecessor-version":[{"id":5306,"href":"https:\/\/asotep.com\/fr\/wp-json\/wp\/v2\/pages\/5304\/revisions\/5306"}],"wp:attachment":[{"href":"https:\/\/asotep.com\/fr\/wp-json\/wp\/v2\/media?parent=5304"}],"curies":[{"name":"wp","href":"https:\/\/api.w.org\/{rel}","templated":true}]}}